{"id":493,"date":"2024-12-27T15:22:48","date_gmt":"2024-12-27T13:22:48","guid":{"rendered":"https:\/\/www.tai-fokstrotas.lt\/?page_id=493"},"modified":"2025-12-29T22:01:43","modified_gmt":"2025-12-29T20:01:43","slug":"florentina-tai-fokstrotas","status":"publish","type":"page","link":"https:\/\/www.tai-fokstrotas.lt\/index.php\/florentina-tai-fokstrotas\/","title":{"rendered":"FLORENTINA TAI FOKSTROTAS"},"content":{"rendered":"\n<h1 class=\"wp-block-heading\"><\/h1>\n\n\n\n<figure class=\"wp-block-image\" id=\"block-ee57c407-f234-4253-a168-0d447aa209bb\"><img decoding=\"async\" src=\"https:\/\/www.tai-fokstrotas.lt\/wp-content\/uploads\/2024\/12\/flora3-1024x461.jpg\" alt=\"\u0160is paveiksl\u0117lis neturi alt atributo; jo failo pavadinimas yra flora3-1024x461.jpg\"\/><\/figure>\n\n\n\n<h4 class=\"wp-block-heading\" id=\"block-fef0289a-408f-4118-9f87-49f80331c8e1\"><strong>Rotveileris<\/strong>&nbsp;<strong>(&nbsp;\u2013 kal\u0117), gimusi 2022-04-03<\/strong><br><strong>Registracijos Nr.<\/strong>&nbsp;<strong>L\u0160VK R&nbsp;5519\/22<\/strong><br><br><strong>HD-A, ED- 0, eyes clear<\/strong><\/h4>\n\n\n\n<p id=\"block-d81d4659-b0b3-44c5-934d-f4430961d628\"><strong>DM exon 2\/JLPP\/NAD\/LEMP\/XL-MTM clear, l-locus l\/ll\/l<\/strong><\/p>\n\n\n\n<p id=\"block-01944f52-4767-48ce-8674-7814a0fcf023\"><br><strong>Lietuvos jaunimo \u010dempionas (LT JCH)<\/strong><\/p>\n\n\n\n<p id=\"block-dd2fd105-f39c-4c92-9ed7-a68f8874a558\"><strong>Lietuvos \u010dempionas (LT CH)<\/strong><\/p>\n\n\n\n<p id=\"block-509a483d-3675-43e8-a70d-168459c137d7\"><strong>Latvijos \u010dempionas (LV CH)<\/strong><\/p>\n\n\n\n<p id=\"block-9dc84425-35ab-4411-949e-a900f2681df1\"><strong>Estijos \u010dempionas (EST CH)<\/strong><\/p>\n\n\n\n<p id=\"block-cccea1ae-4063-4997-9cb3-c66ced4a4c6b\"><strong>Baltijos \u010dempionas (BALT CH)<\/strong><\/p>\n\n\n\n<p><strong>C.I.B (nepatvirtintas)<\/strong><\/p>\n\n\n\n<figure class=\"wp-block-embed\"><div class=\"wp-block-embed__wrapper\">\nhttps:\/\/e.kinologija.lt\/?id=0ec66d39e52f52b39b04694609ac752c\n<\/div><\/figure>\n\n\n\n<figure class=\"wp-block-image\" id=\"block-a170af14-9ddc-4f20-8484-f46b0298e8bc\"><img decoding=\"async\" src=\"https:\/\/www.tai-fokstrotas.lt\/wp-content\/uploads\/2024\/12\/flora-768x1024.jpg\" alt=\"\u0160is paveiksl\u0117lis neturi alt atributo; jo failo pavadinimas yra flora-768x1024.jpg\"\/><\/figure>\n\n\n\n<figure class=\"wp-block-image\" id=\"block-94e953e5-2562-4143-9030-328673b76e66\"><img decoding=\"async\" src=\"https:\/\/www.tai-fokstrotas.lt\/wp-content\/uploads\/2024\/12\/FB_IMG_1665336144403-1024x683.jpg\" alt=\"\u0160is paveiksl\u0117lis neturi alt atributo; jo failo pavadinimas yra FB_IMG_1665336144403-1024x683.jpg\"\/><\/figure>\n\n\n\n<figure class=\"wp-block-image\" id=\"block-b58b268e-d8da-4043-b95f-e32549063093\"><img decoding=\"async\" src=\"https:\/\/www.tai-fokstrotas.lt\/wp-content\/uploads\/2024\/12\/flora2-1024x672.jpg\" alt=\"\u0160is paveiksl\u0117lis neturi alt atributo; jo failo pavadinimas yra flora2-1024x672.jpg\"\/><\/figure>\n\n\n\n<figure class=\"wp-block-image\" id=\"block-053caa9c-db82-46b6-8278-cf837aef7690\"><img decoding=\"async\" src=\"https:\/\/www.tai-fokstrotas.lt\/wp-content\/uploads\/2024\/12\/IMG_20230118_2057023-1024x971.jpg\" alt=\"\u0160is paveiksl\u0117lis neturi alt atributo; jo failo pavadinimas yra IMG_20230118_2057023-1024x971.jpg\"\/><\/figure>\n","protected":false},"excerpt":{"rendered":"<p>Rotveileris&nbsp;(&nbsp;\u2013 kal\u0117), gimusi 2022-04-03Registracijos Nr.&nbsp;L\u0160VK R&nbsp;5519\/22 HD-A, ED- 0, eyes clear DM exon 2\/JLPP\/NAD\/LEMP\/XL-MTM clear, l-locus l\/ll\/l Lietuvos jaunimo \u010dempionas (LT JCH) Lietuvos \u010dempionas (LT CH) Latvijos \u010dempionas (LV CH) Estijos \u010dempionas (EST CH) Baltijos \u010dempionas (BALT CH) C.I.B (nepatvirtintas)<\/p>\n","protected":false},"author":1,"featured_media":0,"parent":0,"menu_order":0,"comment_status":"closed","ping_status":"closed","template":"","meta":{"footnotes":""},"class_list":["post-493","page","type-page","status-publish","hentry"],"yoast_head":"<!-- This site is optimized with the Yoast SEO plugin v27.4 - https:\/\/yoast.com\/product\/yoast-seo-wordpress\/ -->\n<title>FLORENTINA TAI FOKSTROTAS - Tai Fokstrotas<\/title>\n<meta name=\"robots\" content=\"index, follow, max-snippet:-1, max-image-preview:large, max-video-preview:-1\" \/>\n<link rel=\"canonical\" href=\"https:\/\/www.tai-fokstrotas.lt\/index.php\/florentina-tai-fokstrotas\/\" \/>\n<meta property=\"og:locale\" content=\"lt_LT\" \/>\n<meta property=\"og:type\" content=\"article\" \/>\n<meta property=\"og:title\" content=\"FLORENTINA TAI FOKSTROTAS - Tai Fokstrotas\" \/>\n<meta property=\"og:description\" content=\"Rotveileris&nbsp;(&nbsp;\u2013 kal\u0117), gimusi 2022-04-03Registracijos Nr.&nbsp;L\u0160VK R&nbsp;5519\/22 HD-A, ED- 0, eyes clear DM exon 2\/JLPP\/NAD\/LEMP\/XL-MTM clear, l-locus l\/ll\/l Lietuvos jaunimo \u010dempionas (LT JCH) Lietuvos \u010dempionas (LT CH) Latvijos \u010dempionas (LV CH) Estijos \u010dempionas (EST CH) Baltijos \u010dempionas (BALT CH) C.I.B (nepatvirtintas)\" \/>\n<meta property=\"og:url\" content=\"https:\/\/www.tai-fokstrotas.lt\/index.php\/florentina-tai-fokstrotas\/\" \/>\n<meta property=\"og:site_name\" content=\"Tai Fokstrotas\" \/>\n<meta property=\"article:modified_time\" content=\"2025-12-29T20:01:43+00:00\" \/>\n<meta property=\"og:image\" content=\"https:\/\/www.tai-fokstrotas.lt\/wp-content\/uploads\/2024\/12\/flora3-1024x461.jpg\" \/>\n<meta name=\"twitter:card\" content=\"summary_large_image\" \/>\n<meta name=\"twitter:label1\" content=\"Est. reading time\" \/>\n\t<meta name=\"twitter:data1\" content=\"2 minut\u0117s\" \/>\n<script type=\"application\/ld+json\" class=\"yoast-schema-graph\">{\"@context\":\"https:\\\/\\\/schema.org\",\"@graph\":[{\"@type\":\"WebPage\",\"@id\":\"https:\\\/\\\/www.tai-fokstrotas.lt\\\/index.php\\\/florentina-tai-fokstrotas\\\/\",\"url\":\"https:\\\/\\\/www.tai-fokstrotas.lt\\\/index.php\\\/florentina-tai-fokstrotas\\\/\",\"name\":\"FLORENTINA TAI FOKSTROTAS - Tai Fokstrotas\",\"isPartOf\":{\"@id\":\"https:\\\/\\\/www.tai-fokstrotas.lt\\\/#website\"},\"primaryImageOfPage\":{\"@id\":\"https:\\\/\\\/www.tai-fokstrotas.lt\\\/index.php\\\/florentina-tai-fokstrotas\\\/#primaryimage\"},\"image\":{\"@id\":\"https:\\\/\\\/www.tai-fokstrotas.lt\\\/index.php\\\/florentina-tai-fokstrotas\\\/#primaryimage\"},\"thumbnailUrl\":\"https:\\\/\\\/www.tai-fokstrotas.lt\\\/wp-content\\\/uploads\\\/2024\\\/12\\\/flora3-1024x461.jpg\",\"datePublished\":\"2024-12-27T13:22:48+00:00\",\"dateModified\":\"2025-12-29T20:01:43+00:00\",\"breadcrumb\":{\"@id\":\"https:\\\/\\\/www.tai-fokstrotas.lt\\\/index.php\\\/florentina-tai-fokstrotas\\\/#breadcrumb\"},\"inLanguage\":\"lt-LT\",\"potentialAction\":[{\"@type\":\"ReadAction\",\"target\":[\"https:\\\/\\\/www.tai-fokstrotas.lt\\\/index.php\\\/florentina-tai-fokstrotas\\\/\"]}]},{\"@type\":\"ImageObject\",\"inLanguage\":\"lt-LT\",\"@id\":\"https:\\\/\\\/www.tai-fokstrotas.lt\\\/index.php\\\/florentina-tai-fokstrotas\\\/#primaryimage\",\"url\":\"https:\\\/\\\/www.tai-fokstrotas.lt\\\/wp-content\\\/uploads\\\/2024\\\/12\\\/flora3.jpg\",\"contentUrl\":\"https:\\\/\\\/www.tai-fokstrotas.lt\\\/wp-content\\\/uploads\\\/2024\\\/12\\\/flora3.jpg\",\"width\":2048,\"height\":922},{\"@type\":\"BreadcrumbList\",\"@id\":\"https:\\\/\\\/www.tai-fokstrotas.lt\\\/index.php\\\/florentina-tai-fokstrotas\\\/#breadcrumb\",\"itemListElement\":[{\"@type\":\"ListItem\",\"position\":1,\"name\":\"Home\",\"item\":\"https:\\\/\\\/www.tai-fokstrotas.lt\\\/\"},{\"@type\":\"ListItem\",\"position\":2,\"name\":\"FLORENTINA TAI FOKSTROTAS\"}]},{\"@type\":\"WebSite\",\"@id\":\"https:\\\/\\\/www.tai-fokstrotas.lt\\\/#website\",\"url\":\"https:\\\/\\\/www.tai-fokstrotas.lt\\\/\",\"name\":\"Tai Fokstrotas\",\"description\":\"Rottweilers &amp; Fox Terriers Smooth &amp; Australian Shepherds Kennel\",\"potentialAction\":[{\"@type\":\"SearchAction\",\"target\":{\"@type\":\"EntryPoint\",\"urlTemplate\":\"https:\\\/\\\/www.tai-fokstrotas.lt\\\/?s={search_term_string}\"},\"query-input\":{\"@type\":\"PropertyValueSpecification\",\"valueRequired\":true,\"valueName\":\"search_term_string\"}}],\"inLanguage\":\"lt-LT\"}]}<\/script>\n<!-- \/ Yoast SEO plugin. -->","yoast_head_json":{"title":"FLORENTINA TAI FOKSTROTAS - Tai Fokstrotas","robots":{"index":"index","follow":"follow","max-snippet":"max-snippet:-1","max-image-preview":"max-image-preview:large","max-video-preview":"max-video-preview:-1"},"canonical":"https:\/\/www.tai-fokstrotas.lt\/index.php\/florentina-tai-fokstrotas\/","og_locale":"lt_LT","og_type":"article","og_title":"FLORENTINA TAI FOKSTROTAS - Tai Fokstrotas","og_description":"Rotveileris&nbsp;(&nbsp;\u2013 kal\u0117), gimusi 2022-04-03Registracijos Nr.&nbsp;L\u0160VK R&nbsp;5519\/22 HD-A, ED- 0, eyes clear DM exon 2\/JLPP\/NAD\/LEMP\/XL-MTM clear, l-locus l\/ll\/l Lietuvos jaunimo \u010dempionas (LT JCH) Lietuvos \u010dempionas (LT CH) Latvijos \u010dempionas (LV CH) Estijos \u010dempionas (EST CH) Baltijos \u010dempionas (BALT CH) C.I.B (nepatvirtintas)","og_url":"https:\/\/www.tai-fokstrotas.lt\/index.php\/florentina-tai-fokstrotas\/","og_site_name":"Tai Fokstrotas","article_modified_time":"2025-12-29T20:01:43+00:00","og_image":[{"url":"https:\/\/www.tai-fokstrotas.lt\/wp-content\/uploads\/2024\/12\/flora3-1024x461.jpg","type":"","width":"","height":""}],"twitter_card":"summary_large_image","twitter_misc":{"Est. reading time":"2 minut\u0117s"},"schema":{"@context":"https:\/\/schema.org","@graph":[{"@type":"WebPage","@id":"https:\/\/www.tai-fokstrotas.lt\/index.php\/florentina-tai-fokstrotas\/","url":"https:\/\/www.tai-fokstrotas.lt\/index.php\/florentina-tai-fokstrotas\/","name":"FLORENTINA TAI FOKSTROTAS - Tai Fokstrotas","isPartOf":{"@id":"https:\/\/www.tai-fokstrotas.lt\/#website"},"primaryImageOfPage":{"@id":"https:\/\/www.tai-fokstrotas.lt\/index.php\/florentina-tai-fokstrotas\/#primaryimage"},"image":{"@id":"https:\/\/www.tai-fokstrotas.lt\/index.php\/florentina-tai-fokstrotas\/#primaryimage"},"thumbnailUrl":"https:\/\/www.tai-fokstrotas.lt\/wp-content\/uploads\/2024\/12\/flora3-1024x461.jpg","datePublished":"2024-12-27T13:22:48+00:00","dateModified":"2025-12-29T20:01:43+00:00","breadcrumb":{"@id":"https:\/\/www.tai-fokstrotas.lt\/index.php\/florentina-tai-fokstrotas\/#breadcrumb"},"inLanguage":"lt-LT","potentialAction":[{"@type":"ReadAction","target":["https:\/\/www.tai-fokstrotas.lt\/index.php\/florentina-tai-fokstrotas\/"]}]},{"@type":"ImageObject","inLanguage":"lt-LT","@id":"https:\/\/www.tai-fokstrotas.lt\/index.php\/florentina-tai-fokstrotas\/#primaryimage","url":"https:\/\/www.tai-fokstrotas.lt\/wp-content\/uploads\/2024\/12\/flora3.jpg","contentUrl":"https:\/\/www.tai-fokstrotas.lt\/wp-content\/uploads\/2024\/12\/flora3.jpg","width":2048,"height":922},{"@type":"BreadcrumbList","@id":"https:\/\/www.tai-fokstrotas.lt\/index.php\/florentina-tai-fokstrotas\/#breadcrumb","itemListElement":[{"@type":"ListItem","position":1,"name":"Home","item":"https:\/\/www.tai-fokstrotas.lt\/"},{"@type":"ListItem","position":2,"name":"FLORENTINA TAI FOKSTROTAS"}]},{"@type":"WebSite","@id":"https:\/\/www.tai-fokstrotas.lt\/#website","url":"https:\/\/www.tai-fokstrotas.lt\/","name":"Tai Fokstrotas","description":"Rottweilers &amp; Fox Terriers Smooth &amp; Australian Shepherds Kennel","potentialAction":[{"@type":"SearchAction","target":{"@type":"EntryPoint","urlTemplate":"https:\/\/www.tai-fokstrotas.lt\/?s={search_term_string}"},"query-input":{"@type":"PropertyValueSpecification","valueRequired":true,"valueName":"search_term_string"}}],"inLanguage":"lt-LT"}]}},"_links":{"self":[{"href":"https:\/\/www.tai-fokstrotas.lt\/index.php\/wp-json\/wp\/v2\/pages\/493","targetHints":{"allow":["GET"]}}],"collection":[{"href":"https:\/\/www.tai-fokstrotas.lt\/index.php\/wp-json\/wp\/v2\/pages"}],"about":[{"href":"https:\/\/www.tai-fokstrotas.lt\/index.php\/wp-json\/wp\/v2\/types\/page"}],"author":[{"embeddable":true,"href":"https:\/\/www.tai-fokstrotas.lt\/index.php\/wp-json\/wp\/v2\/users\/1"}],"replies":[{"embeddable":true,"href":"https:\/\/www.tai-fokstrotas.lt\/index.php\/wp-json\/wp\/v2\/comments?post=493"}],"version-history":[{"count":2,"href":"https:\/\/www.tai-fokstrotas.lt\/index.php\/wp-json\/wp\/v2\/pages\/493\/revisions"}],"predecessor-version":[{"id":564,"href":"https:\/\/www.tai-fokstrotas.lt\/index.php\/wp-json\/wp\/v2\/pages\/493\/revisions\/564"}],"wp:attachment":[{"href":"https:\/\/www.tai-fokstrotas.lt\/index.php\/wp-json\/wp\/v2\/media?parent=493"}],"curies":[{"name":"wp","href":"https:\/\/api.w.org\/{rel}","templated":true}]}}