{"id":461,"date":"2024-12-27T14:16:20","date_gmt":"2024-12-27T12:16:20","guid":{"rendered":"https:\/\/www.tai-fokstrotas.lt\/?page_id=461"},"modified":"2025-12-29T21:52:25","modified_gmt":"2025-12-29T19:52:25","slug":"naujienos-2025-news-2025","status":"publish","type":"page","link":"https:\/\/www.tai-fokstrotas.lt\/index.php\/naujienos-2025-news-2025\/","title":{"rendered":"NAUJIENOS 2025\/ NEWS 2025"},"content":{"rendered":"\n<p><br>*2025-01-19 &#8222;WINTER CUP&#8217;25 &#8222;, Daugpilis, LV<br>Greita kelion\u0117 \u012f Latvij\u0105 &#8211; ir \u0161tai kokie rezultatai:<br>Izzy Bizzy Tai Fokstrotas &#8211; junior class- JCAC, PP, BOB!!! <img loading=\"lazy\" decoding=\"async\" height=\"16\" width=\"16\" src=\"https:\/\/static.xx.fbcdn.net\/images\/emoji.php\/v9\/t8c\/1\/16\/1f389.png\" alt=\"\ud83c\udf89\"><img loading=\"lazy\" decoding=\"async\" height=\"16\" width=\"16\" src=\"https:\/\/static.xx.fbcdn.net\/images\/emoji.php\/v9\/t94\/1\/16\/1f947.png\" alt=\"\ud83e\udd47\"><img loading=\"lazy\" decoding=\"async\" height=\"16\" width=\"16\" src=\"https:\/\/static.xx.fbcdn.net\/images\/emoji.php\/v9\/tbe\/1\/16\/1f3c6.png\" alt=\"\ud83c\udfc6\"><br>U\u017edarytas LV JCH!!! <img loading=\"lazy\" decoding=\"async\" height=\"16\" width=\"16\" src=\"https:\/\/static.xx.fbcdn.net\/images\/emoji.php\/v9\/t6c\/1\/16\/1f4aa.png\" alt=\"\ud83d\udcaa\"> Teis\u0117jas Andras Polgar (Serbija\/Serbia).<\/p>\n\n\n\n<p>*2025-01-24 Izzy Bizzy Tai Fokstrotas patvirtintas Lietuvos jaunimo \u010dempiono titulas (LT JCH)!<\/p>\n\n\n\n<p>*2025-01-25 sudalyvavome tarptautin\u0117je parodoje Kaune. <br>Izzy Bizzy TF- jaunimo klas\u0117- exc.3. Teis\u0117ja J. Aidietien\u0117 (LT)<\/p>\n\n\n\n<p>*2025-03-08 Kad neprarastume sportin\u0117s formos, su Izzy Bizzy Tai Fokstrotas sudalyvavome tarptautin\u0117je parodoje &#8222;Lietuvos nugal\u0117tojas&#8217;25&#8221;. <br>Rezultatas: V1, LT JN&#8217;25, JnCACIB, Best Junior. Teis\u0117jas- C. Jouanchicot (Pranc\u016bzija\/France).<\/p>\n\n\n\n<p>*2025-03-25 Pagaliau at\u0117jo ilgai lauktas patvirtinimas, kad m\u016bs\u0173 Izzy Bizzy &#8211; Latvijos jaunimo \u010dempion\u0117 (LV JCH)!<\/p>\n\n\n\n<p>*2025.05.31 International Dog Show \u201cEstonian Winner 2025&#8243;:<br>Izzy Bizzy Tai Fokstrotas &#8211; jaunimo kl.- V1, JunCAC, JunCACIB, JunBOS, Best female-3. <img loading=\"lazy\" decoding=\"async\" height=\"16\" width=\"16\" src=\"https:\/\/static.xx.fbcdn.net\/images\/emoji.php\/v9\/t8c\/1\/16\/1f389.png\" alt=\"\ud83c\udf89\"><img loading=\"lazy\" decoding=\"async\" height=\"16\" width=\"16\" src=\"https:\/\/static.xx.fbcdn.net\/images\/emoji.php\/v9\/tbe\/1\/16\/1f3c6.png\" alt=\"\ud83c\udfc6\">Teis\u0117jas Fabrizio la Rocca, Italy.<br>U\u017esidar\u0117me EST JCH, BALT JCH ir ramia s\u0105\u017eine \u017eengsim \u012f suaugusi\u0173j\u0173 klas\u0119!<\/p>\n\n\n\n<p>*2025-06-01 paroda &#8222;Speciality for Terriers + Black Russian Terrier&#8221;:<br>Izzy Bizzy Tai Fokstrotas &#8211; jaunimo kl.- V1, CQ, JunBOB, Best female-3.<br>Teis\u0117jas- Miguel Navarro (Ispanija).<\/p>\n\n\n\n<p>*2025-06-13 Izzy Bizzy jau oficialiai -Estijos jaunimo \u010dempion\u0117 (EST JCH)!!!<\/p>\n\n\n\n<p>*2025-06-14 Paroda &#8221;Jurbarko Vasara&#8217;2025&#8221; :<br>IZY BIZZY TAI FOKSTROTAS &#8211; atvira klas\u0117 &#8211; V1, CAC, N, BOS. <img loading=\"lazy\" decoding=\"async\" height=\"16\" width=\"16\" src=\"https:\/\/static.xx.fbcdn.net\/images\/emoji.php\/v9\/tbe\/1\/16\/1f3c6.png\" alt=\"\ud83c\udfc6\"><img loading=\"lazy\" decoding=\"async\" height=\"16\" width=\"16\" src=\"https:\/\/static.xx.fbcdn.net\/images\/emoji.php\/v9\/t8c\/1\/16\/1f389.png\" alt=\"\ud83c\udf89\"><br>Teis\u0117ja- Natalija Borodajenko (LV).<\/p>\n\n\n\n<p>*2025-06-15 Paroda \u201eJurbarko miesto taur\u0117 2025\u201c:<br>Izzy Bizzy Tai Fokstrotas -atvira klas\u0117- V1, CAC, N, BOB! <img loading=\"lazy\" decoding=\"async\" height=\"16\" width=\"16\" src=\"https:\/\/static.xx.fbcdn.net\/images\/emoji.php\/v9\/t6c\/1\/16\/1f4aa.png\" alt=\"\ud83d\udcaa\"><img loading=\"lazy\" decoding=\"async\" height=\"16\" width=\"16\" src=\"https:\/\/static.xx.fbcdn.net\/images\/emoji.php\/v9\/t83\/1\/16\/1f60e.png\" alt=\"\ud83d\ude0e\"><img loading=\"lazy\" decoding=\"async\" height=\"16\" width=\"16\" src=\"https:\/\/static.xx.fbcdn.net\/images\/emoji.php\/v9\/tfe\/1\/16\/1f44f.png\" alt=\"\ud83d\udc4f\"><img loading=\"lazy\" decoding=\"async\" height=\"16\" width=\"16\" src=\"https:\/\/static.xx.fbcdn.net\/images\/emoji.php\/v9\/tbe\/1\/16\/1f3c6.png\" alt=\"\ud83c\udfc6\"><img loading=\"lazy\" decoding=\"async\" height=\"16\" width=\"16\" src=\"https:\/\/static.xx.fbcdn.net\/images\/emoji.php\/v9\/t94\/1\/16\/1f947.png\" alt=\"\ud83e\udd47\"><img loading=\"lazy\" decoding=\"async\" height=\"16\" width=\"16\" src=\"https:\/\/static.xx.fbcdn.net\/images\/emoji.php\/v9\/t8c\/1\/16\/1f389.png\" alt=\"\ud83c\udf89\"><br>Teis\u0117ja Natasha Kraljevska Nasteska (NM)<\/p>\n\n\n\n<p>*2025-06-17 Izzy Bizzy Tai Fokstrotas &#8211; Baltijos jaunimo \u010dempion\u0117 (BALT JCH)!!!<\/p>\n\n\n\n<p>*2025-07-04 Tarptautin\u0117 paroda &#8222;AUK\u0160TAITIJOS VASARA\u20192025&#8221; (CACIB):<br>Izzy Bizzy Tai Fokstrotas &#8211; pereinama klas\u0117- V1, CAC, N, CACIB, BOB! <img loading=\"lazy\" decoding=\"async\" height=\"16\" width=\"16\" src=\"https:\/\/static.xx.fbcdn.net\/images\/emoji.php\/v9\/t94\/1\/16\/1f947.png\" alt=\"\ud83e\udd47\"><img loading=\"lazy\" decoding=\"async\" height=\"16\" width=\"16\" src=\"https:\/\/static.xx.fbcdn.net\/images\/emoji.php\/v9\/tbe\/1\/16\/1f3c6.png\" alt=\"\ud83c\udfc6\"><img loading=\"lazy\" decoding=\"async\" height=\"16\" width=\"16\" src=\"https:\/\/static.xx.fbcdn.net\/images\/emoji.php\/v9\/t8c\/1\/16\/1f389.png\" alt=\"\ud83c\udf89\"><img loading=\"lazy\" decoding=\"async\" height=\"16\" width=\"16\" src=\"https:\/\/static.xx.fbcdn.net\/images\/emoji.php\/v9\/t6c\/1\/16\/1f4aa.png\" alt=\"\ud83d\udcaa\"><img loading=\"lazy\" decoding=\"async\" height=\"16\" width=\"16\" src=\"https:\/\/static.xx.fbcdn.net\/images\/emoji.php\/v9\/t83\/1\/16\/1f60e.png\" alt=\"\ud83d\ude0e\"><img loading=\"lazy\" decoding=\"async\" height=\"16\" width=\"16\" src=\"https:\/\/static.xx.fbcdn.net\/images\/emoji.php\/v9\/tc7\/1\/16\/1f483.png\" alt=\"\ud83d\udc83\"><br>Teis\u0117ja- Tiina Taulos (Suomija\/Finland).<br>U\u017edarytas LT CH (Lietuvos \u010dempiono) titulas!!! <img loading=\"lazy\" decoding=\"async\" height=\"16\" width=\"16\" src=\"https:\/\/static.xx.fbcdn.net\/images\/emoji.php\/v9\/tbe\/1\/16\/1f3c6.png\" alt=\"\ud83c\udfc6\"><\/p>\n\n\n\n<p>*2025-07-19 greita kelion\u0117 \u012f Latvij\u0105 ir \u0161tai k\u0105 turim:<br>&#8222;Dachshunds and Terriers (FCI 3 &amp; 4 gr.) Show SUMMER FESTIVAL&#8217; 25&#8221;-<br>Izzy Bizzy Tai Fokstrotas -V1, CQ, CAC, Best Female-1, BOS!!! <img loading=\"lazy\" decoding=\"async\" height=\"16\" width=\"16\" src=\"https:\/\/static.xx.fbcdn.net\/images\/emoji.php\/v9\/t6c\/1\/16\/1f4aa.png\" alt=\"\ud83d\udcaa\"><img loading=\"lazy\" decoding=\"async\" height=\"16\" width=\"16\" src=\"https:\/\/static.xx.fbcdn.net\/images\/emoji.php\/v9\/t94\/1\/16\/1f947.png\" alt=\"\ud83e\udd47\"><img loading=\"lazy\" decoding=\"async\" height=\"16\" width=\"16\" src=\"https:\/\/static.xx.fbcdn.net\/images\/emoji.php\/v9\/tbe\/1\/16\/1f3c6.png\" alt=\"\ud83c\udfc6\"><br>U\u017edarytas Latvijos \u010dempiono titulas (LV CH)!!! <img loading=\"lazy\" decoding=\"async\" height=\"16\" width=\"16\" src=\"https:\/\/static.xx.fbcdn.net\/images\/emoji.php\/v9\/t8d\/1\/16\/1f1f1_1f1fb.png\" alt=\"\ud83c\uddf1\ud83c\uddfb\"><img loading=\"lazy\" decoding=\"async\" height=\"16\" width=\"16\" src=\"https:\/\/static.xx.fbcdn.net\/images\/emoji.php\/v9\/tfe\/1\/16\/1f44f.png\" alt=\"\ud83d\udc4f\"><img loading=\"lazy\" decoding=\"async\" height=\"16\" width=\"16\" src=\"https:\/\/static.xx.fbcdn.net\/images\/emoji.php\/v9\/tfe\/1\/16\/1f44f.png\" alt=\"\ud83d\udc4f\"><img loading=\"lazy\" decoding=\"async\" height=\"16\" width=\"16\" src=\"https:\/\/static.xx.fbcdn.net\/images\/emoji.php\/v9\/tfe\/1\/16\/1f44f.png\" alt=\"\ud83d\udc4f\"><img loading=\"lazy\" decoding=\"async\" height=\"16\" width=\"16\" src=\"https:\/\/static.xx.fbcdn.net\/images\/emoji.php\/v9\/t83\/1\/16\/1f60e.png\" alt=\"\ud83d\ude0e\"><\/p>\n\n\n\n<p>*2025-07-20 paroda Ukmerg\u0117je (CAC):<br>Izzy Bizzy Tai Fokstrotas &#8211; V1, CAC. <img loading=\"lazy\" decoding=\"async\" height=\"16\" width=\"16\" src=\"https:\/\/static.xx.fbcdn.net\/images\/emoji.php\/v9\/tfc\/1\/16\/1f44d.png\" alt=\"\ud83d\udc4d\"><br>Teis\u0117jas Dragan Kitanoski (\u0160iaur\u0117s Makedonija).<\/p>\n\n\n\n<p>*2025-07-24 Izzy Bizzy Tai Fokstrotas patvirtintas Lietuvos \u010dempiono titulas (LT CH)<\/p>\n\n\n\n<p>*2025-09-06 paroda Alytuje:<br>Izzy Bizzy Tai Fokstrotas &#8211; atvira klas\u0117 -V1, CAC, N, BOB. <img loading=\"lazy\" decoding=\"async\" height=\"16\" width=\"16\" src=\"https:\/\/static.xx.fbcdn.net\/images\/emoji.php\/v9\/t79\/1\/16\/1f44a.png\" alt=\"\ud83d\udc4a\"><img loading=\"lazy\" decoding=\"async\" height=\"16\" width=\"16\" src=\"https:\/\/static.xx.fbcdn.net\/images\/emoji.php\/v9\/t6c\/1\/16\/1f4aa.png\" alt=\"\ud83d\udcaa\"><img loading=\"lazy\" decoding=\"async\" height=\"16\" width=\"16\" src=\"https:\/\/static.xx.fbcdn.net\/images\/emoji.php\/v9\/t94\/1\/16\/1f947.png\" alt=\"\ud83e\udd47\"><img loading=\"lazy\" decoding=\"async\" height=\"16\" width=\"16\" src=\"https:\/\/static.xx.fbcdn.net\/images\/emoji.php\/v9\/tbe\/1\/16\/1f3c6.png\" alt=\"\ud83c\udfc6\"><br>Teis\u0117ja J. Aidietien\u0117 (LT).<\/p>\n\n\n\n<p>*2025-09-07 paroda Alytuje- rezultatas toks pat, kaip vakar:<br>Izzy Bizzy Tai Fokstrotas &#8211; V1, CAC N BOB! <img loading=\"lazy\" decoding=\"async\" height=\"16\" width=\"16\" src=\"https:\/\/static.xx.fbcdn.net\/images\/emoji.php\/v9\/tfc\/1\/16\/1f44d.png\" alt=\"\ud83d\udc4d\"><img loading=\"lazy\" decoding=\"async\" height=\"16\" width=\"16\" src=\"https:\/\/static.xx.fbcdn.net\/images\/emoji.php\/v9\/t94\/1\/16\/1f947.png\" alt=\"\ud83e\udd47\"><img loading=\"lazy\" decoding=\"async\" height=\"16\" width=\"16\" src=\"https:\/\/static.xx.fbcdn.net\/images\/emoji.php\/v9\/tbe\/1\/16\/1f3c6.png\" alt=\"\ud83c\udfc6\"><img loading=\"lazy\" decoding=\"async\" height=\"16\" width=\"16\" src=\"https:\/\/static.xx.fbcdn.net\/images\/emoji.php\/v9\/t8c\/1\/16\/1f389.png\" alt=\"\ud83c\udf89\"><br>Teis\u0117ja &#8211; S. Valoueva (LT)<\/p>\n\n\n\n<p>*2025-10 Pagaliau sulauk\u0117me oficialaus diplomo i\u0161 Latvijos, patvirtinan\u010dio, kad m\u016bs\u0173 Izzy Bizzy TF &#8211; jau tikra Latvijos \u010dempion\u0117 (LV CH)!!!<\/p>\n\n\n\n<p>*2025-11-07 paroda &#8222;Terjer\u0173 klubo nugal\u0117tojas &#8216;2025&#8221;:<br>Izzy Bizzy Tai Fokstrotas &#8211; CAC, BOS, Kl.N&#8217;25! <img loading=\"lazy\" decoding=\"async\" height=\"16\" width=\"16\" src=\"https:\/\/static.xx.fbcdn.net\/images\/emoji.php\/v9\/t94\/1\/16\/1f947.png\" alt=\"\ud83e\udd47\"><img loading=\"lazy\" decoding=\"async\" height=\"16\" width=\"16\" src=\"https:\/\/static.xx.fbcdn.net\/images\/emoji.php\/v9\/t15\/1\/16\/1f948.png\" alt=\"\ud83e\udd48\"><img loading=\"lazy\" decoding=\"async\" height=\"16\" width=\"16\" src=\"https:\/\/static.xx.fbcdn.net\/images\/emoji.php\/v9\/tbe\/1\/16\/1f3c6.png\" alt=\"\ud83c\udfc6\"><img loading=\"lazy\" decoding=\"async\" height=\"16\" width=\"16\" src=\"https:\/\/static.xx.fbcdn.net\/images\/emoji.php\/v9\/t8c\/1\/16\/1f389.png\" alt=\"\ud83c\udf89\"><br>Teis\u0117jas- Nemanja Jovanovic (Serbija).<\/p>\n\n\n\n<p>*16.11.2025 INTERNATIONAL DOG SHOW \u201eBALTIC WINNER\u20192025\u201d (Riga, LV):<br><img loading=\"lazy\" decoding=\"async\" height=\"16\" width=\"16\" src=\"https:\/\/static.xx.fbcdn.net\/images\/emoji.php\/v9\/t6c\/1\/16\/2764.png\" alt=\"\u2764\ufe0f\">Florentina Tai Fokstrotas &#8211; open class- V1, CAC (no need), BF-1, CACIB, Baltic Winner&#8217;2025, BOO!!!<img loading=\"lazy\" decoding=\"async\" height=\"16\" width=\"16\" src=\"https:\/\/static.xx.fbcdn.net\/images\/emoji.php\/v9\/t6c\/1\/16\/1f4aa.png\" alt=\"\ud83d\udcaa\"><img loading=\"lazy\" decoding=\"async\" height=\"16\" width=\"16\" src=\"https:\/\/static.xx.fbcdn.net\/images\/emoji.php\/v9\/t94\/1\/16\/1f947.png\" alt=\"\ud83e\udd47\"><img loading=\"lazy\" decoding=\"async\" height=\"16\" width=\"16\" src=\"https:\/\/static.xx.fbcdn.net\/images\/emoji.php\/v9\/tbe\/1\/16\/1f3c6.png\" alt=\"\ud83c\udfc6\"><img loading=\"lazy\" decoding=\"async\" height=\"16\" width=\"16\" src=\"https:\/\/static.xx.fbcdn.net\/images\/emoji.php\/v9\/t8c\/1\/16\/1f389.png\" alt=\"\ud83c\udf89\"><br>Judge- Jochen EBERHARDT (DE)<\/p>\n\n\n\n<p><img loading=\"lazy\" decoding=\"async\" height=\"16\" width=\"16\" src=\"https:\/\/static.xx.fbcdn.net\/images\/emoji.php\/v9\/t6c\/1\/16\/2764.png\" alt=\"\u2764\ufe0f\">Izzy Bizzy Tai Fokstrotas- open class- V1, CAC (no need), BF-3, R.CACIB. <img loading=\"lazy\" decoding=\"async\" height=\"16\" width=\"16\" src=\"https:\/\/static.xx.fbcdn.net\/images\/emoji.php\/v9\/t58\/1\/16\/1f929.png\" alt=\"\ud83e\udd29\"><img loading=\"lazy\" decoding=\"async\" height=\"16\" width=\"16\" src=\"https:\/\/static.xx.fbcdn.net\/images\/emoji.php\/v9\/t15\/1\/16\/1f948.png\" alt=\"\ud83e\udd48\"><img loading=\"lazy\" decoding=\"async\" height=\"16\" width=\"16\" src=\"https:\/\/static.xx.fbcdn.net\/images\/emoji.php\/v9\/t96\/1\/16\/1f949.png\" alt=\"\ud83e\udd49\"><img loading=\"lazy\" decoding=\"async\" height=\"16\" width=\"16\" src=\"https:\/\/static.xx.fbcdn.net\/images\/emoji.php\/v9\/tb\/1\/16\/1f388.png\" alt=\"\ud83c\udf88\"><br>Judge- Csaba Zsolt LOKODI (RO)<\/p>\n\n\n\n<p>*2025-12-20 Tarptautin\u0117 paroda &#8222;Vilniaus \u017eiema&#8217;25&#8221;:<br>Florentina Tai Fokstrotas &#8211; atvira klas\u0117- V1, CAC, N, CACIB, BOS. <img loading=\"lazy\" decoding=\"async\" height=\"16\" width=\"16\" src=\"https:\/\/static.xx.fbcdn.net\/images\/emoji.php\/v9\/t94\/1\/16\/1f947.png\" alt=\"\ud83e\udd47\"><img loading=\"lazy\" decoding=\"async\" height=\"16\" width=\"16\" src=\"https:\/\/static.xx.fbcdn.net\/images\/emoji.php\/v9\/tbe\/1\/16\/1f3c6.png\" alt=\"\ud83c\udfc6\"><img loading=\"lazy\" decoding=\"async\" height=\"16\" width=\"16\" src=\"https:\/\/static.xx.fbcdn.net\/images\/emoji.php\/v9\/t8c\/1\/16\/1f389.png\" alt=\"\ud83c\udf89\"><br>Teis\u0117jas Harto Stockmari (FIN).<\/p>\n\n\n\n<p>*2025-12-21 paroda &#8222;Kal\u0117din\u0117 taur\u0117&#8217;2025&#8221; (CACIB).<br>Florentina Tai Fokstrotas &#8211; \u010dempion\u0173 klas\u0117- V1, CAC, N, CACIB, BOS!!! <img loading=\"lazy\" decoding=\"async\" height=\"16\" width=\"16\" src=\"https:\/\/static.xx.fbcdn.net\/images\/emoji.php\/v9\/t8c\/1\/16\/1f389.png\" alt=\"\ud83c\udf89\"><img loading=\"lazy\" decoding=\"async\" height=\"16\" width=\"16\" src=\"https:\/\/static.xx.fbcdn.net\/images\/emoji.php\/v9\/tbe\/1\/16\/1f3c6.png\" alt=\"\ud83c\udfc6\"><img loading=\"lazy\" decoding=\"async\" height=\"16\" width=\"16\" src=\"https:\/\/static.xx.fbcdn.net\/images\/emoji.php\/v9\/t94\/1\/16\/1f947.png\" alt=\"\ud83e\udd47\"><img loading=\"lazy\" decoding=\"async\" height=\"16\" width=\"16\" src=\"https:\/\/static.xx.fbcdn.net\/images\/emoji.php\/v9\/tf\/1\/16\/1f942.png\" alt=\"\ud83e\udd42\"><img loading=\"lazy\" decoding=\"async\" height=\"16\" width=\"16\" src=\"https:\/\/static.xx.fbcdn.net\/images\/emoji.php\/v9\/tc7\/1\/16\/1f483.png\" alt=\"\ud83d\udc83\"><br>Teis\u0117ja- Laura Baryt\u0117 (LT).<br>U\u017edarytas C.I.B (Inter\u010dempiono titulas)!!!! <img loading=\"lazy\" decoding=\"async\" height=\"16\" width=\"16\" src=\"https:\/\/static.xx.fbcdn.net\/images\/emoji.php\/v9\/te8\/1\/16\/1f451.png\" alt=\"\ud83d\udc51\"><img loading=\"lazy\" decoding=\"async\" height=\"16\" width=\"16\" src=\"https:\/\/static.xx.fbcdn.net\/images\/emoji.php\/v9\/t3f\/1\/16\/1f30d.png\" alt=\"\ud83c\udf0d\"><img loading=\"lazy\" decoding=\"async\" height=\"16\" width=\"16\" src=\"https:\/\/static.xx.fbcdn.net\/images\/emoji.php\/v9\/t6c\/1\/16\/2764.png\" alt=\"\u2764\ufe0f\"><img loading=\"lazy\" decoding=\"async\" height=\"16\" width=\"16\" src=\"https:\/\/static.xx.fbcdn.net\/images\/emoji.php\/v9\/t19\/1\/16\/1f37e.png\" alt=\"\ud83c\udf7e\"><\/p>\n\n\n\n<p>SU NAUJAISIAIS 2026-aisias metais!!!<\/p>\n\n\n\n<figure class=\"wp-block-image size-large\"><img loading=\"lazy\" decoding=\"async\" width=\"683\" height=\"1024\" src=\"https:\/\/www.tai-fokstrotas.lt\/wp-content\/uploads\/2025\/12\/bd2a5fd4-957c-416d-8727-44ec192e703b-683x1024.jpg\" alt=\"\" class=\"wp-image-561\" srcset=\"https:\/\/www.tai-fokstrotas.lt\/wp-content\/uploads\/2025\/12\/bd2a5fd4-957c-416d-8727-44ec192e703b-683x1024.jpg 683w, https:\/\/www.tai-fokstrotas.lt\/wp-content\/uploads\/2025\/12\/bd2a5fd4-957c-416d-8727-44ec192e703b-200x300.jpg 200w, https:\/\/www.tai-fokstrotas.lt\/wp-content\/uploads\/2025\/12\/bd2a5fd4-957c-416d-8727-44ec192e703b-768x1152.jpg 768w, https:\/\/www.tai-fokstrotas.lt\/wp-content\/uploads\/2025\/12\/bd2a5fd4-957c-416d-8727-44ec192e703b.jpg 1024w\" sizes=\"auto, (max-width: 683px) 100vw, 683px\" \/><\/figure>\n","protected":false},"excerpt":{"rendered":"<p>*2025-01-19 &#8222;WINTER CUP&#8217;25 &#8222;, Daugpilis, LVGreita kelion\u0117 \u012f Latvij\u0105 &#8211; ir \u0161tai kokie rezultatai:Izzy Bizzy Tai Fokstrotas &#8211; junior class- JCAC, PP, BOB!!! U\u017edarytas LV JCH!!! Teis\u0117jas Andras Polgar (Serbija\/Serbia). *2025-01-24 Izzy Bizzy Tai Fokstrotas patvirtintas Lietuvos jaunimo \u010dempiono titulas (LT JCH)! *2025-01-25 sudalyvavome tarptautin\u0117je parodoje Kaune. Izzy Bizzy TF- jaunimo klas\u0117- exc.3. Teis\u0117ja J. &hellip; <\/p>\n<p class=\"link-more\"><a href=\"https:\/\/www.tai-fokstrotas.lt\/index.php\/naujienos-2025-news-2025\/\" class=\"more-link\">Toliau skaityti<span class=\"screen-reader-text\"> &#8222;NAUJIENOS 2025\/ NEWS 2025&#8221;<\/span><\/a><\/p>\n","protected":false},"author":1,"featured_media":0,"parent":0,"menu_order":0,"comment_status":"closed","ping_status":"closed","template":"","meta":{"footnotes":""},"class_list":["post-461","page","type-page","status-publish","hentry"],"yoast_head":"<!-- This site is optimized with the Yoast SEO plugin v27.5 - https:\/\/yoast.com\/product\/yoast-seo-wordpress\/ -->\n<title>NAUJIENOS 2025\/ NEWS 2025 - Tai Fokstrotas<\/title>\n<meta name=\"robots\" content=\"index, follow, max-snippet:-1, max-image-preview:large, max-video-preview:-1\" \/>\n<link rel=\"canonical\" href=\"https:\/\/www.tai-fokstrotas.lt\/index.php\/naujienos-2025-news-2025\/\" \/>\n<meta property=\"og:locale\" content=\"lt_LT\" \/>\n<meta property=\"og:type\" content=\"article\" \/>\n<meta property=\"og:title\" content=\"NAUJIENOS 2025\/ NEWS 2025 - Tai Fokstrotas\" \/>\n<meta property=\"og:description\" content=\"*2025-01-19 &#8222;WINTER CUP&#8217;25 &#8222;, Daugpilis, LVGreita kelion\u0117 \u012f Latvij\u0105 &#8211; ir \u0161tai kokie rezultatai:Izzy Bizzy Tai Fokstrotas &#8211; junior class- JCAC, PP, BOB!!! U\u017edarytas LV JCH!!! Teis\u0117jas Andras Polgar (Serbija\/Serbia). *2025-01-24 Izzy Bizzy Tai Fokstrotas patvirtintas Lietuvos jaunimo \u010dempiono titulas (LT JCH)! *2025-01-25 sudalyvavome tarptautin\u0117je parodoje Kaune. Izzy Bizzy TF- jaunimo klas\u0117- exc.3. Teis\u0117ja J. &hellip; Toliau skaityti &quot;NAUJIENOS 2025\/ NEWS 2025&quot;\" \/>\n<meta property=\"og:url\" content=\"https:\/\/www.tai-fokstrotas.lt\/index.php\/naujienos-2025-news-2025\/\" \/>\n<meta property=\"og:site_name\" content=\"Tai Fokstrotas\" \/>\n<meta property=\"article:modified_time\" content=\"2025-12-29T19:52:25+00:00\" \/>\n<meta property=\"og:image\" content=\"https:\/\/static.xx.fbcdn.net\/images\/emoji.php\/v9\/t8c\/1\/16\/1f389.png\" \/>\n<meta name=\"twitter:card\" content=\"summary_large_image\" \/>\n<meta name=\"twitter:label1\" content=\"Est. reading time\" \/>\n\t<meta name=\"twitter:data1\" content=\"16 minu\u010di\u0173\" \/>\n<script type=\"application\/ld+json\" class=\"yoast-schema-graph\">{\"@context\":\"https:\\\/\\\/schema.org\",\"@graph\":[{\"@type\":\"WebPage\",\"@id\":\"https:\\\/\\\/www.tai-fokstrotas.lt\\\/index.php\\\/naujienos-2025-news-2025\\\/\",\"url\":\"https:\\\/\\\/www.tai-fokstrotas.lt\\\/index.php\\\/naujienos-2025-news-2025\\\/\",\"name\":\"NAUJIENOS 2025\\\/ NEWS 2025 - Tai Fokstrotas\",\"isPartOf\":{\"@id\":\"https:\\\/\\\/www.tai-fokstrotas.lt\\\/#website\"},\"primaryImageOfPage\":{\"@id\":\"https:\\\/\\\/www.tai-fokstrotas.lt\\\/index.php\\\/naujienos-2025-news-2025\\\/#primaryimage\"},\"image\":{\"@id\":\"https:\\\/\\\/www.tai-fokstrotas.lt\\\/index.php\\\/naujienos-2025-news-2025\\\/#primaryimage\"},\"thumbnailUrl\":\"https:\\\/\\\/static.xx.fbcdn.net\\\/images\\\/emoji.php\\\/v9\\\/t8c\\\/1\\\/16\\\/1f389.png\",\"datePublished\":\"2024-12-27T12:16:20+00:00\",\"dateModified\":\"2025-12-29T19:52:25+00:00\",\"breadcrumb\":{\"@id\":\"https:\\\/\\\/www.tai-fokstrotas.lt\\\/index.php\\\/naujienos-2025-news-2025\\\/#breadcrumb\"},\"inLanguage\":\"lt-LT\",\"potentialAction\":[{\"@type\":\"ReadAction\",\"target\":[\"https:\\\/\\\/www.tai-fokstrotas.lt\\\/index.php\\\/naujienos-2025-news-2025\\\/\"]}]},{\"@type\":\"ImageObject\",\"inLanguage\":\"lt-LT\",\"@id\":\"https:\\\/\\\/www.tai-fokstrotas.lt\\\/index.php\\\/naujienos-2025-news-2025\\\/#primaryimage\",\"url\":\"https:\\\/\\\/static.xx.fbcdn.net\\\/images\\\/emoji.php\\\/v9\\\/t8c\\\/1\\\/16\\\/1f389.png\",\"contentUrl\":\"https:\\\/\\\/static.xx.fbcdn.net\\\/images\\\/emoji.php\\\/v9\\\/t8c\\\/1\\\/16\\\/1f389.png\"},{\"@type\":\"BreadcrumbList\",\"@id\":\"https:\\\/\\\/www.tai-fokstrotas.lt\\\/index.php\\\/naujienos-2025-news-2025\\\/#breadcrumb\",\"itemListElement\":[{\"@type\":\"ListItem\",\"position\":1,\"name\":\"Home\",\"item\":\"https:\\\/\\\/www.tai-fokstrotas.lt\\\/\"},{\"@type\":\"ListItem\",\"position\":2,\"name\":\"NAUJIENOS 2025\\\/ NEWS 2025\"}]},{\"@type\":\"WebSite\",\"@id\":\"https:\\\/\\\/www.tai-fokstrotas.lt\\\/#website\",\"url\":\"https:\\\/\\\/www.tai-fokstrotas.lt\\\/\",\"name\":\"Tai Fokstrotas\",\"description\":\"Rottweilers &amp; Fox Terriers Smooth &amp; Australian Shepherds Kennel\",\"potentialAction\":[{\"@type\":\"SearchAction\",\"target\":{\"@type\":\"EntryPoint\",\"urlTemplate\":\"https:\\\/\\\/www.tai-fokstrotas.lt\\\/?s={search_term_string}\"},\"query-input\":{\"@type\":\"PropertyValueSpecification\",\"valueRequired\":true,\"valueName\":\"search_term_string\"}}],\"inLanguage\":\"lt-LT\"}]}<\/script>\n<!-- \/ Yoast SEO plugin. -->","yoast_head_json":{"title":"NAUJIENOS 2025\/ NEWS 2025 - Tai Fokstrotas","robots":{"index":"index","follow":"follow","max-snippet":"max-snippet:-1","max-image-preview":"max-image-preview:large","max-video-preview":"max-video-preview:-1"},"canonical":"https:\/\/www.tai-fokstrotas.lt\/index.php\/naujienos-2025-news-2025\/","og_locale":"lt_LT","og_type":"article","og_title":"NAUJIENOS 2025\/ NEWS 2025 - Tai Fokstrotas","og_description":"*2025-01-19 &#8222;WINTER CUP&#8217;25 &#8222;, Daugpilis, LVGreita kelion\u0117 \u012f Latvij\u0105 &#8211; ir \u0161tai kokie rezultatai:Izzy Bizzy Tai Fokstrotas &#8211; junior class- JCAC, PP, BOB!!! U\u017edarytas LV JCH!!! Teis\u0117jas Andras Polgar (Serbija\/Serbia). *2025-01-24 Izzy Bizzy Tai Fokstrotas patvirtintas Lietuvos jaunimo \u010dempiono titulas (LT JCH)! *2025-01-25 sudalyvavome tarptautin\u0117je parodoje Kaune. Izzy Bizzy TF- jaunimo klas\u0117- exc.3. Teis\u0117ja J. &hellip; Toliau skaityti \"NAUJIENOS 2025\/ NEWS 2025\"","og_url":"https:\/\/www.tai-fokstrotas.lt\/index.php\/naujienos-2025-news-2025\/","og_site_name":"Tai Fokstrotas","article_modified_time":"2025-12-29T19:52:25+00:00","og_image":[{"url":"https:\/\/static.xx.fbcdn.net\/images\/emoji.php\/v9\/t8c\/1\/16\/1f389.png","type":"","width":"","height":""}],"twitter_card":"summary_large_image","twitter_misc":{"Est. reading time":"16 minu\u010di\u0173"},"schema":{"@context":"https:\/\/schema.org","@graph":[{"@type":"WebPage","@id":"https:\/\/www.tai-fokstrotas.lt\/index.php\/naujienos-2025-news-2025\/","url":"https:\/\/www.tai-fokstrotas.lt\/index.php\/naujienos-2025-news-2025\/","name":"NAUJIENOS 2025\/ NEWS 2025 - Tai Fokstrotas","isPartOf":{"@id":"https:\/\/www.tai-fokstrotas.lt\/#website"},"primaryImageOfPage":{"@id":"https:\/\/www.tai-fokstrotas.lt\/index.php\/naujienos-2025-news-2025\/#primaryimage"},"image":{"@id":"https:\/\/www.tai-fokstrotas.lt\/index.php\/naujienos-2025-news-2025\/#primaryimage"},"thumbnailUrl":"https:\/\/static.xx.fbcdn.net\/images\/emoji.php\/v9\/t8c\/1\/16\/1f389.png","datePublished":"2024-12-27T12:16:20+00:00","dateModified":"2025-12-29T19:52:25+00:00","breadcrumb":{"@id":"https:\/\/www.tai-fokstrotas.lt\/index.php\/naujienos-2025-news-2025\/#breadcrumb"},"inLanguage":"lt-LT","potentialAction":[{"@type":"ReadAction","target":["https:\/\/www.tai-fokstrotas.lt\/index.php\/naujienos-2025-news-2025\/"]}]},{"@type":"ImageObject","inLanguage":"lt-LT","@id":"https:\/\/www.tai-fokstrotas.lt\/index.php\/naujienos-2025-news-2025\/#primaryimage","url":"https:\/\/static.xx.fbcdn.net\/images\/emoji.php\/v9\/t8c\/1\/16\/1f389.png","contentUrl":"https:\/\/static.xx.fbcdn.net\/images\/emoji.php\/v9\/t8c\/1\/16\/1f389.png"},{"@type":"BreadcrumbList","@id":"https:\/\/www.tai-fokstrotas.lt\/index.php\/naujienos-2025-news-2025\/#breadcrumb","itemListElement":[{"@type":"ListItem","position":1,"name":"Home","item":"https:\/\/www.tai-fokstrotas.lt\/"},{"@type":"ListItem","position":2,"name":"NAUJIENOS 2025\/ NEWS 2025"}]},{"@type":"WebSite","@id":"https:\/\/www.tai-fokstrotas.lt\/#website","url":"https:\/\/www.tai-fokstrotas.lt\/","name":"Tai Fokstrotas","description":"Rottweilers &amp; Fox Terriers Smooth &amp; Australian Shepherds Kennel","potentialAction":[{"@type":"SearchAction","target":{"@type":"EntryPoint","urlTemplate":"https:\/\/www.tai-fokstrotas.lt\/?s={search_term_string}"},"query-input":{"@type":"PropertyValueSpecification","valueRequired":true,"valueName":"search_term_string"}}],"inLanguage":"lt-LT"}]}},"_links":{"self":[{"href":"https:\/\/www.tai-fokstrotas.lt\/index.php\/wp-json\/wp\/v2\/pages\/461","targetHints":{"allow":["GET"]}}],"collection":[{"href":"https:\/\/www.tai-fokstrotas.lt\/index.php\/wp-json\/wp\/v2\/pages"}],"about":[{"href":"https:\/\/www.tai-fokstrotas.lt\/index.php\/wp-json\/wp\/v2\/types\/page"}],"author":[{"embeddable":true,"href":"https:\/\/www.tai-fokstrotas.lt\/index.php\/wp-json\/wp\/v2\/users\/1"}],"replies":[{"embeddable":true,"href":"https:\/\/www.tai-fokstrotas.lt\/index.php\/wp-json\/wp\/v2\/comments?post=461"}],"version-history":[{"count":3,"href":"https:\/\/www.tai-fokstrotas.lt\/index.php\/wp-json\/wp\/v2\/pages\/461\/revisions"}],"predecessor-version":[{"id":562,"href":"https:\/\/www.tai-fokstrotas.lt\/index.php\/wp-json\/wp\/v2\/pages\/461\/revisions\/562"}],"wp:attachment":[{"href":"https:\/\/www.tai-fokstrotas.lt\/index.php\/wp-json\/wp\/v2\/media?parent=461"}],"curies":[{"name":"wp","href":"https:\/\/api.w.org\/{rel}","templated":true}]}}