{"id":291,"date":"2019-12-31T18:49:33","date_gmt":"2019-12-31T18:49:33","guid":{"rendered":"https:\/\/www.tai-fokstrotas.lt\/?page_id=291"},"modified":"2024-12-27T16:42:38","modified_gmt":"2024-12-27T14:42:38","slug":"apie-mus-about-us","status":"publish","type":"page","link":"https:\/\/www.tai-fokstrotas.lt\/","title":{"rendered":"Apie mus\/ About us"},"content":{"rendered":"\n<p>Veislynas \u201eTAI FOKSTROTAS\u201c<\/p>\n\n\n\n<p>M\u016bs\u0173 veislynas (FCI Nr.\/N-38\/08; LKD Nr. 213 ir Nr. 307) &#8222;TAI FOKSTROTAS\u201c&nbsp;&nbsp;\u012fregistruotas 2007 met\u0173 lapkri\u010dio m\u0117nes\u012f. Jau pats pavadinimas pasako, koki\u0173 veisli\u0173 \u0161unimis u\u017esiimame &#8211; tai foksterjerai (trumpaplaukiai) ir rotveileriai. Nuo 2015 m. veislyne atsirado Austral\u0173 avigani\u0173 kal\u0117 D\u017eema.<\/p>\n\n\n\n<p>Nors vis\u0105 savo s\u0105moning\u0105 gyvenim\u0105 auginau \u0161unis, bet aktyvia kinologine veikla u\u017esi\u0117miau tik susiklos\u010dius palankioms aplinkyb\u0117ms, t.y paaugus vaikams ir atsiradus daugiau laisvo laiko bei pajam\u0173. Veislyno pradinink\u0117s buvo rotveileri\u0173 veisl\u0117s kal\u0117 CHIMERA MANO PUMA ir trumpaplauki\u0173 foksterjer\u0173 veil\u0117s kal\u0117 BAEARICHE Z RADZIVILAMONTAU i\u0161 Baltarusijos.. Su jomis prad\u0117jome dalyvauti parodose, ir mums visai neblogai sek\u0117si.<\/p>\n\n\n\n<p>\u0116jo metai&#8230;vieni \u0161unys i\u0161\u0117jo, atsirado nauj\u0173, tod\u0117l \u0161iuo metu namuose gyvena dvi rotveileri\u0173 veisl\u0117s kal\u0117s GOYA KABRI ir jos dukra FLORENTINA TAI FOKSTROTAS, du trumpaplaukiai foksterjerai ( kal\u0117s KERIJA TAI FOKSTROTAS ir  IZZY BIZZY TAI FOKSTROTAS), austral\u0173 avigan\u0117 JAMAICA COMPLIMENT KALNAR\u016aT\u0116 ir tarnybin\u0117 angl\u0173 springer spaniel\u0117 JOGA MARGA KARALYST\u0116.&nbsp;Dar keletas \u0161un\u0173 gyvena pas kitus \u0161eimininkus bendrasavininkyst\u0117s pagrindais.&nbsp;<br><\/p>\n\n\n\n<p>\u0160unys- mano darbas ir hobis, bet jokiu b\u016bdu ne m\u016bs\u0173 \u0161eimos pragyvenimo \u0161altinis, tod\u0117l d\u0117l veisimo laikausi principo, kad svarbiausia yra kokyb\u0117, o ne kiekyb\u0117.<\/p>\n\n\n\n<p>Gerbiu \u017emones, suk\u016brusius mano auginamas veisles, j\u0173 tikslus ir pastangas, ir nors mano ind\u0117lis \u012f veisl\u0119 nedidelis, stengiuosi i\u0161laikyti visk\u0105, kas jose yra geriausia- puiki\u0105 psichik\u0105, eksterjer\u0105, darbines savybes, ger\u0105 sveikat\u0105.<\/p>\n\n\n\n<p>Visi \u0161uniukai, gim\u0119 m\u016bs\u0173 veislyne, turi LKD dokumentus, yra identifikuoti tatuiruot\u0117mis, dehelmintizuoti ir paskiepyti pagal am\u017ei\u0173. Parduodami ne anks\u010diau kaip 2 m\u0117nesi\u0173 am\u017eiaus.<\/p>\n\n\n\n<p><strong>Rotveileriukams, foksterjeriukams ir australiukams uodeg\u0173 netrumpiname!!!<\/strong><\/p>\n\n\n\n<p>Be to, mielai bendrauju su m\u016bs\u0173 \u0161uniuk\u0173 pirk\u0117jais, o taip pat visais besidomin\u010diais. Stengiuosi atsakyti \u012f visus i\u0161kilusius klausimus, pad\u0117ti viskuo, kas m\u016bs\u0173 j\u0117goms.<\/p>\n\n\n\n<p>Tikiuosi, kad esami ir b\u016bsimi mano \u0161uniuk\u0173 \u0161eimininkai bus patenkinti savo pasirinkimu ir d\u017eiaugsis, tur\u0117dami tikr\u0105 savo veisl\u0117s atstov\u0105- sveik\u0105, gra\u017e\u0173 \u0161eimos draug\u0105, kompanjon\u0105, med\u017eiokl\u0117s ar sporto partner\u012f.<br><br>2013.09.23 d. veislynas \u012fregistruotas Vilniaus Valstybin\u0117je maisto ir veterinarijos tarnyboje. Registracijos Nr. LT-77-13-002<\/p>\n\n\n\n<figure class=\"wp-block-image size-full\"><img loading=\"lazy\" decoding=\"async\" width=\"956\" height=\"960\" src=\"https:\/\/www.tai-fokstrotas.lt\/wp-content\/uploads\/2024\/12\/as.jpg\" alt=\"\" class=\"wp-image-491\" srcset=\"https:\/\/www.tai-fokstrotas.lt\/wp-content\/uploads\/2024\/12\/as.jpg 956w, https:\/\/www.tai-fokstrotas.lt\/wp-content\/uploads\/2024\/12\/as-300x300.jpg 300w, https:\/\/www.tai-fokstrotas.lt\/wp-content\/uploads\/2024\/12\/as-150x150.jpg 150w, https:\/\/www.tai-fokstrotas.lt\/wp-content\/uploads\/2024\/12\/as-768x771.jpg 768w, https:\/\/www.tai-fokstrotas.lt\/wp-content\/uploads\/2024\/12\/as-100x100.jpg 100w\" sizes=\"auto, (max-width: 767px) 89vw, (max-width: 1000px) 54vw, (max-width: 1071px) 543px, 580px\" \/><\/figure>\n","protected":false},"excerpt":{"rendered":"<p>Veislynas \u201eTAI FOKSTROTAS\u201c M\u016bs\u0173 veislynas (FCI Nr.\/N-38\/08; LKD Nr. 213 ir Nr. 307) &#8222;TAI FOKSTROTAS\u201c&nbsp;&nbsp;\u012fregistruotas 2007 met\u0173 lapkri\u010dio m\u0117nes\u012f. Jau pats pavadinimas pasako, koki\u0173 veisli\u0173 \u0161unimis u\u017esiimame &#8211; tai foksterjerai (trumpaplaukiai) ir rotveileriai. Nuo 2015 m. veislyne atsirado Austral\u0173 avigani\u0173 kal\u0117 D\u017eema. Nors vis\u0105 savo s\u0105moning\u0105 gyvenim\u0105 auginau \u0161unis, bet aktyvia kinologine veikla u\u017esi\u0117miau tik &hellip; <\/p>\n<p class=\"link-more\"><a href=\"https:\/\/www.tai-fokstrotas.lt\/\" class=\"more-link\">Toliau skaityti<span class=\"screen-reader-text\"> &#8222;Apie mus\/ About us&#8221;<\/span><\/a><\/p>\n","protected":false},"author":1,"featured_media":0,"parent":0,"menu_order":0,"comment_status":"closed","ping_status":"closed","template":"","meta":{"footnotes":""},"class_list":["post-291","page","type-page","status-publish","hentry"],"yoast_head":"<!-- This site is optimized with the Yoast SEO plugin v27.4 - https:\/\/yoast.com\/product\/yoast-seo-wordpress\/ -->\n<title>Apie mus\/ About us - Tai Fokstrotas<\/title>\n<meta name=\"robots\" content=\"index, follow, max-snippet:-1, max-image-preview:large, max-video-preview:-1\" \/>\n<link rel=\"canonical\" href=\"https:\/\/www.tai-fokstrotas.lt\/\" \/>\n<meta property=\"og:locale\" content=\"lt_LT\" \/>\n<meta property=\"og:type\" content=\"article\" \/>\n<meta property=\"og:title\" content=\"Apie mus\/ About us - Tai Fokstrotas\" \/>\n<meta property=\"og:description\" content=\"Veislynas \u201eTAI FOKSTROTAS\u201c M\u016bs\u0173 veislynas (FCI Nr.\/N-38\/08; LKD Nr. 213 ir Nr. 307) &#8222;TAI FOKSTROTAS\u201c&nbsp;&nbsp;\u012fregistruotas 2007 met\u0173 lapkri\u010dio m\u0117nes\u012f. Jau pats pavadinimas pasako, koki\u0173 veisli\u0173 \u0161unimis u\u017esiimame &#8211; tai foksterjerai (trumpaplaukiai) ir rotveileriai. Nuo 2015 m. veislyne atsirado Austral\u0173 avigani\u0173 kal\u0117 D\u017eema. Nors vis\u0105 savo s\u0105moning\u0105 gyvenim\u0105 auginau \u0161unis, bet aktyvia kinologine veikla u\u017esi\u0117miau tik &hellip; Toliau skaityti &quot;Apie mus\/ About us&quot;\" \/>\n<meta property=\"og:url\" content=\"https:\/\/www.tai-fokstrotas.lt\/\" \/>\n<meta property=\"og:site_name\" content=\"Tai Fokstrotas\" \/>\n<meta property=\"article:modified_time\" content=\"2024-12-27T14:42:38+00:00\" \/>\n<meta property=\"og:image\" content=\"https:\/\/www.tai-fokstrotas.lt\/wp-content\/uploads\/2024\/12\/as.jpg\" \/>\n\t<meta property=\"og:image:width\" content=\"956\" \/>\n\t<meta property=\"og:image:height\" content=\"960\" \/>\n\t<meta property=\"og:image:type\" content=\"image\/jpeg\" \/>\n<meta name=\"twitter:card\" content=\"summary_large_image\" \/>\n<meta name=\"twitter:label1\" content=\"Est. reading time\" \/>\n\t<meta name=\"twitter:data1\" content=\"2 minut\u0117s\" \/>\n<script type=\"application\/ld+json\" class=\"yoast-schema-graph\">{\"@context\":\"https:\\\/\\\/schema.org\",\"@graph\":[{\"@type\":\"WebPage\",\"@id\":\"https:\\\/\\\/www.tai-fokstrotas.lt\\\/\",\"url\":\"https:\\\/\\\/www.tai-fokstrotas.lt\\\/\",\"name\":\"Apie mus\\\/ About us - Tai Fokstrotas\",\"isPartOf\":{\"@id\":\"https:\\\/\\\/www.tai-fokstrotas.lt\\\/#website\"},\"primaryImageOfPage\":{\"@id\":\"https:\\\/\\\/www.tai-fokstrotas.lt\\\/#primaryimage\"},\"image\":{\"@id\":\"https:\\\/\\\/www.tai-fokstrotas.lt\\\/#primaryimage\"},\"thumbnailUrl\":\"https:\\\/\\\/www.tai-fokstrotas.lt\\\/wp-content\\\/uploads\\\/2024\\\/12\\\/as.jpg\",\"datePublished\":\"2019-12-31T18:49:33+00:00\",\"dateModified\":\"2024-12-27T14:42:38+00:00\",\"breadcrumb\":{\"@id\":\"https:\\\/\\\/www.tai-fokstrotas.lt\\\/#breadcrumb\"},\"inLanguage\":\"lt-LT\",\"potentialAction\":[{\"@type\":\"ReadAction\",\"target\":[\"https:\\\/\\\/www.tai-fokstrotas.lt\\\/\"]}]},{\"@type\":\"ImageObject\",\"inLanguage\":\"lt-LT\",\"@id\":\"https:\\\/\\\/www.tai-fokstrotas.lt\\\/#primaryimage\",\"url\":\"https:\\\/\\\/www.tai-fokstrotas.lt\\\/wp-content\\\/uploads\\\/2024\\\/12\\\/as.jpg\",\"contentUrl\":\"https:\\\/\\\/www.tai-fokstrotas.lt\\\/wp-content\\\/uploads\\\/2024\\\/12\\\/as.jpg\",\"width\":956,\"height\":960},{\"@type\":\"BreadcrumbList\",\"@id\":\"https:\\\/\\\/www.tai-fokstrotas.lt\\\/#breadcrumb\",\"itemListElement\":[{\"@type\":\"ListItem\",\"position\":1,\"name\":\"Home\",\"item\":\"https:\\\/\\\/www.tai-fokstrotas.lt\\\/\"},{\"@type\":\"ListItem\",\"position\":2,\"name\":\"Apie mus\\\/ About us\"}]},{\"@type\":\"WebSite\",\"@id\":\"https:\\\/\\\/www.tai-fokstrotas.lt\\\/#website\",\"url\":\"https:\\\/\\\/www.tai-fokstrotas.lt\\\/\",\"name\":\"Tai Fokstrotas\",\"description\":\"Rottweilers &amp; Fox Terriers Smooth &amp; Australian Shepherds Kennel\",\"potentialAction\":[{\"@type\":\"SearchAction\",\"target\":{\"@type\":\"EntryPoint\",\"urlTemplate\":\"https:\\\/\\\/www.tai-fokstrotas.lt\\\/?s={search_term_string}\"},\"query-input\":{\"@type\":\"PropertyValueSpecification\",\"valueRequired\":true,\"valueName\":\"search_term_string\"}}],\"inLanguage\":\"lt-LT\"}]}<\/script>\n<!-- \/ Yoast SEO plugin. -->","yoast_head_json":{"title":"Apie mus\/ About us - Tai Fokstrotas","robots":{"index":"index","follow":"follow","max-snippet":"max-snippet:-1","max-image-preview":"max-image-preview:large","max-video-preview":"max-video-preview:-1"},"canonical":"https:\/\/www.tai-fokstrotas.lt\/","og_locale":"lt_LT","og_type":"article","og_title":"Apie mus\/ About us - Tai Fokstrotas","og_description":"Veislynas \u201eTAI FOKSTROTAS\u201c M\u016bs\u0173 veislynas (FCI Nr.\/N-38\/08; LKD Nr. 213 ir Nr. 307) &#8222;TAI FOKSTROTAS\u201c&nbsp;&nbsp;\u012fregistruotas 2007 met\u0173 lapkri\u010dio m\u0117nes\u012f. Jau pats pavadinimas pasako, koki\u0173 veisli\u0173 \u0161unimis u\u017esiimame &#8211; tai foksterjerai (trumpaplaukiai) ir rotveileriai. Nuo 2015 m. veislyne atsirado Austral\u0173 avigani\u0173 kal\u0117 D\u017eema. Nors vis\u0105 savo s\u0105moning\u0105 gyvenim\u0105 auginau \u0161unis, bet aktyvia kinologine veikla u\u017esi\u0117miau tik &hellip; Toliau skaityti \"Apie mus\/ About us\"","og_url":"https:\/\/www.tai-fokstrotas.lt\/","og_site_name":"Tai Fokstrotas","article_modified_time":"2024-12-27T14:42:38+00:00","og_image":[{"width":956,"height":960,"url":"https:\/\/www.tai-fokstrotas.lt\/wp-content\/uploads\/2024\/12\/as.jpg","type":"image\/jpeg"}],"twitter_card":"summary_large_image","twitter_misc":{"Est. reading time":"2 minut\u0117s"},"schema":{"@context":"https:\/\/schema.org","@graph":[{"@type":"WebPage","@id":"https:\/\/www.tai-fokstrotas.lt\/","url":"https:\/\/www.tai-fokstrotas.lt\/","name":"Apie mus\/ About us - Tai Fokstrotas","isPartOf":{"@id":"https:\/\/www.tai-fokstrotas.lt\/#website"},"primaryImageOfPage":{"@id":"https:\/\/www.tai-fokstrotas.lt\/#primaryimage"},"image":{"@id":"https:\/\/www.tai-fokstrotas.lt\/#primaryimage"},"thumbnailUrl":"https:\/\/www.tai-fokstrotas.lt\/wp-content\/uploads\/2024\/12\/as.jpg","datePublished":"2019-12-31T18:49:33+00:00","dateModified":"2024-12-27T14:42:38+00:00","breadcrumb":{"@id":"https:\/\/www.tai-fokstrotas.lt\/#breadcrumb"},"inLanguage":"lt-LT","potentialAction":[{"@type":"ReadAction","target":["https:\/\/www.tai-fokstrotas.lt\/"]}]},{"@type":"ImageObject","inLanguage":"lt-LT","@id":"https:\/\/www.tai-fokstrotas.lt\/#primaryimage","url":"https:\/\/www.tai-fokstrotas.lt\/wp-content\/uploads\/2024\/12\/as.jpg","contentUrl":"https:\/\/www.tai-fokstrotas.lt\/wp-content\/uploads\/2024\/12\/as.jpg","width":956,"height":960},{"@type":"BreadcrumbList","@id":"https:\/\/www.tai-fokstrotas.lt\/#breadcrumb","itemListElement":[{"@type":"ListItem","position":1,"name":"Home","item":"https:\/\/www.tai-fokstrotas.lt\/"},{"@type":"ListItem","position":2,"name":"Apie mus\/ About us"}]},{"@type":"WebSite","@id":"https:\/\/www.tai-fokstrotas.lt\/#website","url":"https:\/\/www.tai-fokstrotas.lt\/","name":"Tai Fokstrotas","description":"Rottweilers &amp; Fox Terriers Smooth &amp; Australian Shepherds Kennel","potentialAction":[{"@type":"SearchAction","target":{"@type":"EntryPoint","urlTemplate":"https:\/\/www.tai-fokstrotas.lt\/?s={search_term_string}"},"query-input":{"@type":"PropertyValueSpecification","valueRequired":true,"valueName":"search_term_string"}}],"inLanguage":"lt-LT"}]}},"_links":{"self":[{"href":"https:\/\/www.tai-fokstrotas.lt\/index.php\/wp-json\/wp\/v2\/pages\/291","targetHints":{"allow":["GET"]}}],"collection":[{"href":"https:\/\/www.tai-fokstrotas.lt\/index.php\/wp-json\/wp\/v2\/pages"}],"about":[{"href":"https:\/\/www.tai-fokstrotas.lt\/index.php\/wp-json\/wp\/v2\/types\/page"}],"author":[{"embeddable":true,"href":"https:\/\/www.tai-fokstrotas.lt\/index.php\/wp-json\/wp\/v2\/users\/1"}],"replies":[{"embeddable":true,"href":"https:\/\/www.tai-fokstrotas.lt\/index.php\/wp-json\/wp\/v2\/comments?post=291"}],"version-history":[{"count":5,"href":"https:\/\/www.tai-fokstrotas.lt\/index.php\/wp-json\/wp\/v2\/pages\/291\/revisions"}],"predecessor-version":[{"id":507,"href":"https:\/\/www.tai-fokstrotas.lt\/index.php\/wp-json\/wp\/v2\/pages\/291\/revisions\/507"}],"wp:attachment":[{"href":"https:\/\/www.tai-fokstrotas.lt\/index.php\/wp-json\/wp\/v2\/media?parent=291"}],"curies":[{"name":"wp","href":"https:\/\/api.w.org\/{rel}","templated":true}]}}